{"id":4951,"date":"2022-10-19T11:44:25","date_gmt":"2022-10-19T09:44:25","guid":{"rendered":"https:\/\/www.sinoskop.de\/blog\/?page_id=4951"},"modified":"2026-02-15T08:34:24","modified_gmt":"2026-02-15T07:34:24","slug":"china-die-woche-im-sinoskop","status":"publish","type":"page","link":"https:\/\/www.sinoskop.de\/blog\/china-die-woche-im-sinoskop\/","title":{"rendered":"Die Woche im Sinoskop"},"content":{"rendered":"<p><strong style=\"font-size: 48px; letter-spacing: -0.0415625em; font-family: 'Inter var', -apple-system, BlinkMacSystemFont, 'Helvetica Neue', Helvetica, sans-serif;\">Die Woche im Sinoskop<\/strong><\/p>\n<p>Neben den Beitr\u00e4gen im China-Blog erscheint der Newsletter in regelm\u00e4\u00dfigen Abst\u00e4nden.<\/p>\n<p><em>Die Woche im Sinoskop<\/em> blickt auf ausgew\u00e4hlte aktuelle Themen in und um die Volksrepublik China, bietet Empfehlungen aus deutsch-, englisch- und chinesischsprachigen Medien und mehr.<\/p>\n<p>F\u00fcr mehr China-Kompetenz.<\/p>\n<h3><strong>Den Blog zu China kannst Du kostenlos abonnieren.<\/strong><\/h3>\n<p>Sinoskop &#8211; China im 21. Jahrhundert betrachten &#8211; ist ein unabh\u00e4ngiges, nicht-kommerzielles Projekt.<\/p>\n<p><!--more--><\/p>\n<p>Zuletzt erschienen:<\/p>\n<p><strong>2026<\/strong><\/p>\n<ul>\n<li>Februar im Sinoskop (*179)<\/li>\n<li>Januar im Sinoskop (*178)<\/li>\n<\/ul>\n<p><strong>2025<\/strong><\/p>\n<ul>\n<li>Dezember im Sinoskop (*177)<\/li>\n<li>COP30 im Sinoskop (*176)<\/li>\n<li>Oktober Oktober im Sinoskop (*175)<\/li>\n<li>Oktober im Sinoskop (*174)<\/li>\n<li>September im Sinoskop (*173)<\/li>\n<li>August im Sinoskop (*172)<\/li>\n<li>Juli Juli im Sinoskop (*171)<\/li>\n<li>Juli im Sinoskop (*170)<\/li>\n<li>Juni Juni im Sinoskop (*169)<\/li>\n<li>Juni im Sinoskop (*168)<\/li>\n<li>Im Sinoskop: China auf der re:publica25 *167<\/li>\n<li>Mai Mai im Sinoskop (*166)<\/li>\n<li>Der Mai im Sinoskop (*165)<\/li>\n<li>April April im Sinoskop (*164)<\/li>\n<li>April im Sinoskop (*163)<\/li>\n<li>M\u00e4rz im Sinoskop (*162)<\/li>\n<li>Februar 2025 im Sinoskop (*161)<\/li>\n<li>Januar 2025 im Sinoskop (*160)<\/li>\n<\/ul>\n<p><strong>2024<\/strong><\/p>\n<ul>\n<li>Dezember im Sinoskop (*159)<\/li>\n<li>November im Sinoskop (*158)<\/li>\n<li>Der Oktober im Sinoskop II (*157)<\/li>\n<li>Der Oktober im Sinoskop (*156)<\/li>\n<li>Der September im Sinoskop (*155)<\/li>\n<li>Der August im Sinoskop (*154)<\/li>\n<li>Der Juli im Sinoskop (*153)<\/li>\n<li>Die Woche im Sinoskop (*152)<\/li>\n<li>Die Woche im Sinoskop (*151)<\/li>\n<li>Die Woche im Sinoskop (*150)<\/li>\n<li>Die Woche im Sinoskop (*149)<\/li>\n<li>Der Mai im Sinoskop (*148)<\/li>\n<li>Die Woche im Sinoskop (*147)<\/li>\n<li>Die Woche im Sinoskop (*146)<\/li>\n<li>Die Woche im Sinoskop (KW9-10\/*145)<\/li>\n<li>Die Woche im Sinoskop (KW7-8\/*144)<\/li>\n<li>Die Woche im Sinoskop (KW5\/*143)<\/li>\n<li>Die Woche im Sinoskop (KW4\/*142)<\/li>\n<li>Die Woche im Sinoskop (KW49\/*141)<\/li>\n<li>Die Woche im Sinoskop (KW48\/*140)<\/li>\n<li>Die Woche im Sinoskop (KW47\/*139)<\/li>\n<li>Die Woche im Sinoskop (KW46\/*138)<\/li>\n<li>Die Woche im Sinoskop (KW45\/*137)<\/li>\n<li>Die Woche im Sinoskop (KW44\/*136)<\/li>\n<li>Die Woche im Sinoskop (KW43\/*135)<\/li>\n<li>Die Woche im Sinoskop (KW41-42\/23)<\/li>\n<li>Die Woche im Sinoskop (KW38-39\/23)<\/li>\n<li>Die Woche im Sinoskop (KW37\/23)<\/li>\n<li>Die Woche im Sinoskop (KW36\/23)<\/li>\n<li>Die Woche im Sinoskop (KW31\/23)<\/li>\n<li>Die Woche im Sinoskop (KW30\/23)<\/li>\n<li>Die Woche im Sinoskop (KW28-29\/23)<\/li>\n<li>Die Woche im Sinoskop (KW26-27\/23)<\/li>\n<li>Die Woche im Sinoskop (KW25\/23)<\/li>\n<li>Die Woche im Sinoskop (KW23-24\/23)<\/li>\n<li>Die Woche im Sinoskop (KW22\/23)<\/li>\n<li>Die Woche im Sinoskop (KW20-21\/23)<\/li>\n<li>Die Woche im Sinoskop (KW19\/23)<\/li>\n<li>Die Woche im Sinoskop (KW18\/23)<\/li>\n<li>Die Woche im Sinoskop (KW17\/23)<\/li>\n<li>Die Woche im Sinoskop (KW16\/23)<\/li>\n<li>Die Woche im Sinoskop (KW15\/23)<\/li>\n<li>Die Woche im Sinoskop (KW13\/23)<\/li>\n<li>Die Woche im Sinoskop (KW12\/23)<\/li>\n<li>Die Woche im Sinoskop (KW11\/23)<\/li>\n<li>Die Woche im Sinoskop (KW10\/23)<\/li>\n<li>Die Woche im Sinoskop (KW9\/23)<\/li>\n<li>Die Woche im Sinoskop (KW8\/23)<\/li>\n<li>Die Woche im Sinoskop (KW7\/23)<\/li>\n<li>Die Woche im Sinoskop (KW6\/23)<\/li>\n<li>Die Woche im Sinoskop (KW5\/23)<\/li>\n<li>Die Woche im Sinoskop (KW4\/23)<\/li>\n<li>Die Woche im Sinoskop (KW2\/23)<\/li>\n<li>Die Woche im Sinoskop (KW1\/23)<\/li>\n<li>Die Woche im Sinoskop (KW50\/*105)<\/li>\n<li>Die Woche im Sinoskop (KW49\/*104)<\/li>\n<li>Die Woche im Sinoskop (KW48\/*103)<\/li>\n<li>Die Woche im Sinoskop (KW47\/*102)<\/li>\n<li>Die Woche im Sinoskop (KW46\/*101)<\/li>\n<li>Die Woche im Sinoskop (KW45\/*100)<\/li>\n<li>Die Woche im Sinoskop (KW42\/*99)<\/li>\n<\/ul>\n<p>Liebe Leserinnen und Leser,<\/p>\n<p>vor dem Parlamentarischen Kontrollgremium des Bundestags bekr\u00e4ftigten die deutschen Geheimdienstchefs ihre Warnungen vor China. \u201eRussland ist der Sturm, China ist der Klimawandel\u201c, zitierte beispielsweise der Chef des Verfassungsschutzes aus Gespr\u00e4chen mit ausl\u00e4ndischen Partnern.<\/p>\n<p>Auch auf EU-Ebene in Br\u00fcssel stand China und die europ\u00e4ische China-Politik auf der Tagesordnung. Beim Treffen der EU-Au\u00dfenminister wurde die j\u00fcngste China-Analyse des Europ\u00e4ischen Ausw\u00e4rtige Dienstes diskutiert und zum Ende w\u00e4hrend des Treffens der Staats-und Regierungschefs war China ebenfalls Thema. Stichworte \u201eEnde der Naivit\u00e4t\u201c. Um eine gemeinsame Haltung ringen die Mitgliedsstaaten weiterhin.<\/p>\n<p>Innerhalb der Bundesregierung wird ebenfalls heftig gestritten. Es steht in Sachen Verkauf von 35% eines Hafen-Terminals in Hamburg an die chinesische Reederei COSCO 6:1. Sechs Ministerien gegen das Kanzleramt. Da sind die EU und die deutschen Nachrichtendienste nicht mitgez\u00e4hlt.<\/p>\n<p>In der Volksrepublik geht der Parteikongress dem Ende entgegen und bald wird es weniger Spekulation und mehr konkretes geben. F\u00fcr Irritationen sorgte der <span class=\"body\">scheinbar unfreiwillige Abgang des 79-j\u00e4hrigen Hu Jintao, dem Vorg\u00e4nger Xi Jinpings.<\/span><\/p>\n<p>W\u00e4hrenddessen erl\u00e4uterte Herr Wang w\u00e4hrend seiner Pressekonferenzen ausf\u00fchrlich die chinesische Weltsicht. Besonders lesenswert hier die Neuinterpretation des Konzepts der \u201eMenschenrechte\u201c der KP.<\/p>\n<p>Und dann war da noch der Vorfall vor dem chinesischen Konsulat in Manchester, wo es handgreiflich wurde. Bob der Demonstrant wurde vom Generalkonsul pers\u00f6nlich und weiteren Mitarbeitern auf das Konsulatsgel\u00e4nde gezogen und verpr\u00fcgelt. Es sei schlie\u00dflich seine \u201ePflicht\u201c, den \u201eF\u00fchrer\u201c und die \u201eW\u00fcrde seines Landes\u201c zu verteidigen, sagte der Diplomat \u00fcber den Vorfall.<\/p>\n<ul>\n<li>Die Woche im Sinoskop (KW41\/*98)<\/li>\n<li>Die Woche im Sinoskop (KW40\/*97)<\/li>\n<li>Sinoskopsche Empfehlungen (KW39\/*96)<\/li>\n<li>Sep 2022 Sinoskop\u2019sche Empfehlungen (KW38\/*95)<\/li>\n<li>Juli 2022 Sinoskop\u2019sche Empfehlungen (KW28\/*94)<\/li>\n<li>Juli 2022 Sinoskop\u2019sche Empfehlungen (KW27\/*93)<\/li>\n<li><strong>Juli 2022 Sinoskop\u2019sche Empfehlungen (KW26\/*92)<\/strong><\/li>\n<\/ul>\n<p>Liebe Leserinnen und Leser,<\/p>\n<p>so sch\u00f6n blumig wie in Xi Jinpings BRICS-Rede vorletzte Woche klingt das neue \u201eStrategic Concept\u201c der NATO nicht, daf\u00fcr umso kerniger:<\/p>\n<blockquote><p>Our vision is clear: we want to live in a world where sovereignty, territorial integrity, human rights and international law are respected and where each country can choose its own path, free from aggression, coercion or subversion. We work with all who share these goals. We stand together, as Allies, to defend our freedom and contribute to a more peaceful world.<\/p><\/blockquote>\n<p>Darin wird China erstmals als Herausforderung f\u00fcr das B\u00fcndnis erw\u00e4hnt:<\/p>\n<blockquote><p>China\u2019s stated ambitions and coercive policies challenge our interests, security and values. Allies will work together to address the systemic challenges posed by China to Euro-Atlantic security. They remain open to constructive engagement, with a view to safeguarding the Alliance\u2019s security interests and building reciprocal transparency.<\/p>\n<p>Russia and China are developing a strategic partnership and are at the forefront of an authoritarian pushback against the rules- based international order.<\/p><\/blockquote>\n<p>(Quelle: NATO Webseite)<\/p>\n<p>In Hongkong feierte der Parteiapparat der KP den 25. Jahrestag der R\u00fcckgabe an das Festland. Die Bev\u00f6lkerung feierte nicht, demonstrierte nicht. In seiner Rede verspricht der neue starke Mann der Sonderverwaltungszone, John Lee, Hongkong werde seinen Beitrag zum &#8222;Wiedererstarken der chinesischen Nation&#8220; leisten.<\/p>\n<p>Nationales Sicherheitsgesetz + &#8222;Patrioten regieren Hongkong&#8220; = Win-Win!<\/p>\n<hr \/>\n<ul>\n<li>Juni 2022 Sinoskop\u2019sche Empfehlungen (KW25\/*91)<\/li>\n<li>Juni 2022 Sinoskop\u2019sche Empfehlungen (KW24\/*90)<\/li>\n<li>Juni 2022 Sinoskop\u2019sche Empfehlungen (KW23\/*89)<\/li>\n<li>Juni 2022 Sinoskop\u2019sche Empfehlungen (KW21-22\/*88)<\/li>\n<li>Mai 2022 Sinoskop\u2019sche Empfehlungen (KW18-20\/*87)<\/li>\n<li>30. April 2022 Sinoskop\u2019sche Empfehlungen (KW17\/*86)<\/li>\n<li>23. April 2022 Sinoskop\u2019sche Empfehlungen (KW16\/*85)<\/li>\n<li>16. April 2022 Sinoskop\u2019sche Empfehlungen (KW15\/*84)<\/li>\n<li>10. April 2022 Sinoskop\u2019sche Empfehlungen (KW14\/*83)<\/li>\n<li>2. April 2022 Sinoskop\u2019sche Empfehlungen (KW13\/*82)<\/li>\n<li>27. M\u00e4rz 2022 Sinoskop\u2019sche Empfehlungen (KW12\/*81)<\/li>\n<li>20. M\u00e4rz 2022 Sinoskop\u2019sche Empfehlungen (KW11\/*80)<\/li>\n<li>13. M\u00e4rz 2022 Sinoskop\u2019sche Empfehlungen (KW10\/*79)<\/li>\n<li>Februar 2022 Sinoskop\u2019sche Empfehlungen (KW7\/*78)<\/li>\n<li>Februar 2022 Sinoskop\u2019sche Empfehlungen (KW6\/*77)<\/li>\n<li>5. Februar 2022 Sinoskop\u2019sche Empfehlungen (KW5\/*76)<\/li>\n<li>29. Januar 2022 Sinoskop\u2019sche Empfehlungen (KW4\/*75)<\/li>\n<li>23. Januar 2022 Sinoskop\u2019sche Empfehlungen (KW3\/*74)<\/li>\n<li>15. Januar 2022 Sinoskop\u2019sche Empfehlungen (KW2\/*73)<\/li>\n<li>Dezember 2021 Sinoskop\u2019scher Gru\u00df zum Jahreswechsel<\/li>\n<li>Dezember 2021 Sinoskop\u2019sche Empfehlungen (KW49\/*72)<\/li>\n<li>Dezember 2021 Sinoskop\u2019sche Empfehlungen (KW48\/*71)<\/li>\n<li>November 2021 Sinoskop\u2019sche Empfehlungen (KW47\/*70)<\/li>\n<li>November 2021 Sinoskop\u2019sche Empfehlungen (KW46\/*69)<\/li>\n<li>November 2021 Sinoskop\u2019sche Empfehlungen (KW45\/*68)<\/li>\n<li>Oktober 2021 Sinoskop\u2019sche Empfehlungen (KW43\/*67)<\/li>\n<li>Oktober 2021 Sinoskop\u2019sche Empfehlungen (KW42\/*66)<\/li>\n<li>Oktober 2021 Sinoskop\u2019sche Empfehlungen (KW41\/*65)<\/li>\n<li>Oktober 2021 Sinoskop\u2019sche Empfehlungen (KW40\/*64)<\/li>\n<li>Oktober 2021 Sinoskop\u2019sche Empfehlungen (KW39\/*63)<\/li>\n<li>Sep. 2021 Sinoskop\u2019sche Empfehlungen (KW36\/*62)<\/li>\n<li>September 2021 Sinoskop\u2019sche Empfehlungen (KW35\/*61)<\/li>\n<li>August 2021 Sinoskop\u2019sche Empfehlungen (KW34\/*60)<\/li>\n<li>August 2021 Sinoskop\u2019sche Empfehlungen (KW33\/*59)<\/li>\n<li>August 2021 Sinoskop\u2019sche Empfehlungen (KW32\/*58)<\/li>\n<li>7. August 2021 Sinoskop\u2019sche Empfehlungen (KW31\/*57)<\/li>\n<li>31. Juli 2021 Sinoskop\u2019sche Empfehlungen (KW30\/*56)<\/li>\n<li>24. Juli 2021 Sinoskop\u2019sche Empfehlungen (KW29\/*55)<\/li>\n<li>18. Juli 2021 Sinoskop\u2019sche Empfehlungen (KW28\/*54)<\/li>\n<li>10. Juli 2021 Sinoskop\u2019sche Empfehlungen (KW27\/*53)<\/li>\n<li>3. Juli 2021 Sinoskop\u2019sche Empfehlungen (KW26\/*52)<\/li>\n<li>26. Juni 2021 Sinoskop\u2019sche Empfehlungen (KW25\/#51)<\/li>\n<li>19. Juni 2021 Sinoskop\u2019sche Empfehlungen (KW24\/#50)<\/li>\n<li>12. Juni 2021 Sinoskop\u2019sche Empfehlungen (KW23\/#49)<\/li>\n<li>5. Juni 2021 Sinoskop\u2019sche Empfehlungen (KW22\/#48)<\/li>\n<li>29. Mai 2021 Sinoskop\u2019sche Empfehlungen (KW21\/#47)<\/li>\n<li>22. Mai 2021 Sinoskop\u2019sche Empfehlungen (KW20\/46)<\/li>\n<li>15. Mai 2021 Sinoskop\u2019sche Empfehlungen (KW19\/45)<\/li>\n<li>8. Mai 2021 Sinoskop\u2019sche Empfehlungen (KW18\/44)<\/li>\n<li>1. Mai 2021 Sinoskop\u2019sche Empfehlungen (KW17\/43)<\/li>\n<li>24. April 2021 Sinoskop\u2019sche Empfehlungen (KW16\/42)<\/li>\n<li>17. April 2021 Sinoskop\u2019sche Empfehlungen (KW16\/42)<\/li>\n<li>10. April 2021 Sinoskop\u2019sche Empfehlungen (KW14\/40)<\/li>\n<li>27. M\u00e4rz 2021 Sinoskop\u2019sche Empfehlungen (KW12\/39)<\/li>\n<li>20. M\u00e4rz 2021 Sinoskop\u2019sche Empfehlungen (KW11\/38)<\/li>\n<li>13. M\u00e4rz 2021 Sinoskop\u2019sche Empfehlungen (KW10\/37)<\/li>\n<li>6. M\u00e4rz 2021 Sinoskop\u2019sche Empfehlungen (KW9\/36)<\/li>\n<li>27. Februar 2021 Sinoskop\u2019sche Empfehlungen (KW8\/35)<\/li>\n<li>20. Februar 2021 Sinoskop\u2019sche Empfehlungen (KW7\/34)<\/li>\n<li>13. Februar 2021 Sinoskop\u2019sche Empfehlungen (KW6\/33)<\/li>\n<li>6. Februar 2021 Sinoskop\u2019sche Empfehlungen (KW5)<\/li>\n<li>30. Januar 2021 Sinoskop\u2019sche Empfehlungen (KW4)<\/li>\n<li>23. Januar 2021 Sinoskop\u2019sche Empfehlungen (KW3)<\/li>\n<li>16. Januar 2021 Sinoskop\u2019sche Empfehlungen (KW2)<\/li>\n<li>9. Januar 2021 Sinoskop\u2019sche Empfehlungen (KW1)<\/li>\n<li>Dezember 2020 Sinoskop\u2019sche Empfehlungen (KW51)<\/li>\n<li>Dezember 2020 Sinoskop\u2019sche Empfehlungen (KW50)<\/li>\n<li>Dezember 2020 Sinoskop\u2019sche Empfehlungen (KW49)<\/li>\n<li>November 2020 Sinoskop\u2019sche Empfehlungen (KW48)<\/li>\n<li>November 2020 Sinoskop\u2019sche Empfehlungen (KW47)<\/li>\n<li>November 2020 Sinoskop\u2019sche Empfehlungen (KW46)<\/li>\n<li>7. November 2020 Sinoskop\u2019sche Empfehlungen (KW45<\/li>\n<li>31. Oktober 2020 Sinoskop\u2019sche Empfehlungen (KW44)<\/li>\n<li>24. Oktober 2020 Sinoskop\u2019sche Empfehlungen (KW43)<\/li>\n<li>17. Oktober 2020 Sinoskop\u2019sche Empfehlungen (KW42)<\/li>\n<li>10. Oktober 2020 Sinoskop\u2019sche Empfehlungen (KW41)<\/li>\n<li>4. Oktober 2020 Sinoskop\u2019sche Empfehlungen (KW40)<\/li>\n<li>26. September 2020 Sinoskop\u2019sche Empfehlungen (KW39)<\/li>\n<li>19. September 2020 Sinoskop\u2019sche Empfehlungen (KW38)<\/li>\n<li>12. September 2020 Sinoskop\u2019sche Empfehlungen (KW37)<\/li>\n<li>5. September 2020 Sinoskop\u2019sche Empfehlungen (KW36)<\/li>\n<li>29. August 2020 Sinoskop\u2019sche Empfehlungen<\/li>\n<li>22. August 2020 Sinoskop\u2019sche Empfehlungen<\/li>\n<li>16. August 2020 Sinoskop\u2019sche Eempfehlungen<\/li>\n<li>8. August 2020 Sinoskop\u2019sche Empfehlungen<\/li>\n<li>1. August 2020 Sinoskop\u2019sche Empfehlungen<\/li>\n<li>25. Juli 2020 Sinoskop\u2019sche Empfehlungen<\/li>\n<li>18. Juli 2020 Sinoskop\u2019sche Empfehlungen<\/li>\n<li>8. Juli 2020 Sinoskop\u2019sche Empfehlungen<\/li>\n<li>26. Juni 2020 Sinoskop empfiehlt!<\/li>\n<li>20. Juni 2020 Sinoskop empfiehlt!<\/li>\n<li>11. Juni 2020 Exklusiv: Sinoskop empfiehlt!<\/li>\n<\/ul>\n<hr \/>\n<p>&nbsp;<\/p>\n","protected":false},"excerpt":{"rendered":"<div class=\"mh-excerpt\"><p>Die Woche im Sinoskop Neben den Beitr\u00e4gen im China-Blog erscheint der Newsletter in regelm\u00e4\u00dfigen Abst\u00e4nden. Die Woche im Sinoskop blickt auf ausgew\u00e4hlte aktuelle Themen in und um die Volksrepublik China, <a class=\"mh-excerpt-more\" href=\"https:\/\/www.sinoskop.de\/blog\/china-die-woche-im-sinoskop\/\" title=\"Die Woche im Sinoskop\">[&#8230;]<\/a><\/p>\n<\/div>","protected":false},"author":1,"featured_media":6080,"parent":0,"menu_order":0,"comment_status":"closed","ping_status":"closed","template":"","meta":{"footnotes":""},"class_list":["post-4951","page","type-page","status-publish","has-post-thumbnail","hentry"],"yoast_head":"<!-- This site is optimized with the Yoast SEO plugin v27.5 - https:\/\/yoast.com\/product\/yoast-seo-wordpress\/ -->\n<title>China-Blog Sinoskop | China im 21. Jahrhundert betrachten<\/title>\n<meta name=\"description\" content=\"Die Woche im Sinoskop \u2013\u00a0 Exklusiv f\u00fcr Abonnentinnen und Abonnenten. F\u00fcr mehr China-Kompetenz. Der unabh\u00e4ngige China-Blog auf Deutsch.\" \/>\n<meta name=\"robots\" content=\"index, follow, max-snippet:-1, max-image-preview:large, max-video-preview:-1\" \/>\n<link rel=\"canonical\" href=\"https:\/\/www.sinoskop.de\/blog\/china-die-woche-im-sinoskop\/\" \/>\n<meta property=\"og:locale\" content=\"de_DE\" \/>\n<meta property=\"og:type\" content=\"article\" \/>\n<meta property=\"og:title\" content=\"China-Blog Sinoskop | China im 21. Jahrhundert betrachten\" \/>\n<meta property=\"og:description\" content=\"Die Woche im Sinoskop \u2013\u00a0 Exklusiv f\u00fcr Abonnentinnen und Abonnenten. F\u00fcr mehr China-Kompetenz. Der unabh\u00e4ngige China-Blog auf Deutsch.\" \/>\n<meta property=\"og:url\" content=\"https:\/\/www.sinoskop.de\/blog\/china-die-woche-im-sinoskop\/\" \/>\n<meta property=\"og:site_name\" content=\"China Blog Sinoskop\" \/>\n<meta property=\"article:modified_time\" content=\"2026-02-15T07:34:24+00:00\" \/>\n<meta property=\"og:image\" content=\"https:\/\/www.sinoskop.de\/blog\/wp-content\/uploads\/2023\/12\/IMG_0911-e1701450243917.jpeg\" \/>\n\t<meta property=\"og:image:width\" content=\"250\" \/>\n\t<meta property=\"og:image:height\" content=\"212\" \/>\n\t<meta property=\"og:image:type\" content=\"image\/jpeg\" \/>\n<meta name=\"twitter:card\" content=\"summary_large_image\" \/>\n<meta name=\"twitter:site\" content=\"@sinoskop\" \/>\n<meta name=\"twitter:label1\" content=\"Gesch\u00e4tzte Lesezeit\" \/>\n\t<meta name=\"twitter:data1\" content=\"8\u00a0Minuten\" \/>\n<script type=\"application\/ld+json\" class=\"yoast-schema-graph\">{\"@context\":\"https:\\\/\\\/schema.org\",\"@graph\":[{\"@type\":\"WebPage\",\"@id\":\"https:\\\/\\\/www.sinoskop.de\\\/blog\\\/china-die-woche-im-sinoskop\\\/\",\"url\":\"https:\\\/\\\/www.sinoskop.de\\\/blog\\\/china-die-woche-im-sinoskop\\\/\",\"name\":\"China-Blog Sinoskop | China im 21. Jahrhundert betrachten\",\"isPartOf\":{\"@id\":\"https:\\\/\\\/www.sinoskop.de\\\/blog\\\/#website\"},\"primaryImageOfPage\":{\"@id\":\"https:\\\/\\\/www.sinoskop.de\\\/blog\\\/china-die-woche-im-sinoskop\\\/#primaryimage\"},\"image\":{\"@id\":\"https:\\\/\\\/www.sinoskop.de\\\/blog\\\/china-die-woche-im-sinoskop\\\/#primaryimage\"},\"thumbnailUrl\":\"https:\\\/\\\/www.sinoskop.de\\\/blog\\\/wp-content\\\/uploads\\\/2023\\\/12\\\/IMG_0911-e1701450243917.jpeg\",\"datePublished\":\"2022-10-19T09:44:25+00:00\",\"dateModified\":\"2026-02-15T07:34:24+00:00\",\"description\":\"Die Woche im Sinoskop \u2013\u00a0 Exklusiv f\u00fcr Abonnentinnen und Abonnenten. F\u00fcr mehr China-Kompetenz. Der unabh\u00e4ngige China-Blog auf Deutsch.\",\"breadcrumb\":{\"@id\":\"https:\\\/\\\/www.sinoskop.de\\\/blog\\\/china-die-woche-im-sinoskop\\\/#breadcrumb\"},\"inLanguage\":\"de\",\"potentialAction\":[{\"@type\":\"ReadAction\",\"target\":[\"https:\\\/\\\/www.sinoskop.de\\\/blog\\\/china-die-woche-im-sinoskop\\\/\"]}]},{\"@type\":\"ImageObject\",\"inLanguage\":\"de\",\"@id\":\"https:\\\/\\\/www.sinoskop.de\\\/blog\\\/china-die-woche-im-sinoskop\\\/#primaryimage\",\"url\":\"https:\\\/\\\/www.sinoskop.de\\\/blog\\\/wp-content\\\/uploads\\\/2023\\\/12\\\/IMG_0911-e1701450243917.jpeg\",\"contentUrl\":\"https:\\\/\\\/www.sinoskop.de\\\/blog\\\/wp-content\\\/uploads\\\/2023\\\/12\\\/IMG_0911-e1701450243917.jpeg\",\"width\":250,\"height\":212,\"caption\":\"Der deutschsprachige Blog zu China\"},{\"@type\":\"BreadcrumbList\",\"@id\":\"https:\\\/\\\/www.sinoskop.de\\\/blog\\\/china-die-woche-im-sinoskop\\\/#breadcrumb\",\"itemListElement\":[{\"@type\":\"ListItem\",\"position\":1,\"name\":\"Startseite\",\"item\":\"https:\\\/\\\/www.sinoskop.de\\\/blog\\\/\"},{\"@type\":\"ListItem\",\"position\":2,\"name\":\"Die Woche im Sinoskop\"}]},{\"@type\":\"WebSite\",\"@id\":\"https:\\\/\\\/www.sinoskop.de\\\/blog\\\/#website\",\"url\":\"https:\\\/\\\/www.sinoskop.de\\\/blog\\\/\",\"name\":\"China Blog Sinoskop\",\"description\":\"China im 21. Jahrhundert betrachten\",\"publisher\":{\"@id\":\"https:\\\/\\\/www.sinoskop.de\\\/blog\\\/#\\\/schema\\\/person\\\/dbe836c6fc7202cdf3ecfb132a484a8a\"},\"alternateName\":\"Sinoskop\",\"potentialAction\":[{\"@type\":\"SearchAction\",\"target\":{\"@type\":\"EntryPoint\",\"urlTemplate\":\"https:\\\/\\\/www.sinoskop.de\\\/blog\\\/?s={search_term_string}\"},\"query-input\":{\"@type\":\"PropertyValueSpecification\",\"valueRequired\":true,\"valueName\":\"search_term_string\"}}],\"inLanguage\":\"de\"},{\"@type\":[\"Person\",\"Organization\"],\"@id\":\"https:\\\/\\\/www.sinoskop.de\\\/blog\\\/#\\\/schema\\\/person\\\/dbe836c6fc7202cdf3ecfb132a484a8a\",\"name\":\"Matthias M.\",\"image\":{\"@type\":\"ImageObject\",\"inLanguage\":\"de\",\"@id\":\"https:\\\/\\\/www.sinoskop.de\\\/blog\\\/wp-content\\\/uploads\\\/2023\\\/12\\\/cropped-cropped-IMG_0911-e1701450243917.jpeg\",\"url\":\"https:\\\/\\\/www.sinoskop.de\\\/blog\\\/wp-content\\\/uploads\\\/2023\\\/12\\\/cropped-cropped-IMG_0911-e1701450243917.jpeg\",\"contentUrl\":\"https:\\\/\\\/www.sinoskop.de\\\/blog\\\/wp-content\\\/uploads\\\/2023\\\/12\\\/cropped-cropped-IMG_0911-e1701450243917.jpeg\",\"width\":249,\"height\":83,\"caption\":\"Matthias M.\"},\"logo\":{\"@id\":\"https:\\\/\\\/www.sinoskop.de\\\/blog\\\/wp-content\\\/uploads\\\/2023\\\/12\\\/cropped-cropped-IMG_0911-e1701450243917.jpeg\"},\"sameAs\":[\"https:\\\/\\\/x.com\\\/sinoskop\"]}]}<\/script>\n<!-- \/ Yoast SEO plugin. -->","yoast_head_json":{"title":"China-Blog Sinoskop | China im 21. Jahrhundert betrachten","description":"Die Woche im Sinoskop \u2013\u00a0 Exklusiv f\u00fcr Abonnentinnen und Abonnenten. F\u00fcr mehr China-Kompetenz. Der unabh\u00e4ngige China-Blog auf Deutsch.","robots":{"index":"index","follow":"follow","max-snippet":"max-snippet:-1","max-image-preview":"max-image-preview:large","max-video-preview":"max-video-preview:-1"},"canonical":"https:\/\/www.sinoskop.de\/blog\/china-die-woche-im-sinoskop\/","og_locale":"de_DE","og_type":"article","og_title":"China-Blog Sinoskop | China im 21. Jahrhundert betrachten","og_description":"Die Woche im Sinoskop \u2013\u00a0 Exklusiv f\u00fcr Abonnentinnen und Abonnenten. F\u00fcr mehr China-Kompetenz. Der unabh\u00e4ngige China-Blog auf Deutsch.","og_url":"https:\/\/www.sinoskop.de\/blog\/china-die-woche-im-sinoskop\/","og_site_name":"China Blog Sinoskop","article_modified_time":"2026-02-15T07:34:24+00:00","og_image":[{"width":250,"height":212,"url":"https:\/\/www.sinoskop.de\/blog\/wp-content\/uploads\/2023\/12\/IMG_0911-e1701450243917.jpeg","type":"image\/jpeg"}],"twitter_card":"summary_large_image","twitter_site":"@sinoskop","twitter_misc":{"Gesch\u00e4tzte Lesezeit":"8\u00a0Minuten"},"schema":{"@context":"https:\/\/schema.org","@graph":[{"@type":"WebPage","@id":"https:\/\/www.sinoskop.de\/blog\/china-die-woche-im-sinoskop\/","url":"https:\/\/www.sinoskop.de\/blog\/china-die-woche-im-sinoskop\/","name":"China-Blog Sinoskop | China im 21. Jahrhundert betrachten","isPartOf":{"@id":"https:\/\/www.sinoskop.de\/blog\/#website"},"primaryImageOfPage":{"@id":"https:\/\/www.sinoskop.de\/blog\/china-die-woche-im-sinoskop\/#primaryimage"},"image":{"@id":"https:\/\/www.sinoskop.de\/blog\/china-die-woche-im-sinoskop\/#primaryimage"},"thumbnailUrl":"https:\/\/www.sinoskop.de\/blog\/wp-content\/uploads\/2023\/12\/IMG_0911-e1701450243917.jpeg","datePublished":"2022-10-19T09:44:25+00:00","dateModified":"2026-02-15T07:34:24+00:00","description":"Die Woche im Sinoskop \u2013\u00a0 Exklusiv f\u00fcr Abonnentinnen und Abonnenten. F\u00fcr mehr China-Kompetenz. Der unabh\u00e4ngige China-Blog auf Deutsch.","breadcrumb":{"@id":"https:\/\/www.sinoskop.de\/blog\/china-die-woche-im-sinoskop\/#breadcrumb"},"inLanguage":"de","potentialAction":[{"@type":"ReadAction","target":["https:\/\/www.sinoskop.de\/blog\/china-die-woche-im-sinoskop\/"]}]},{"@type":"ImageObject","inLanguage":"de","@id":"https:\/\/www.sinoskop.de\/blog\/china-die-woche-im-sinoskop\/#primaryimage","url":"https:\/\/www.sinoskop.de\/blog\/wp-content\/uploads\/2023\/12\/IMG_0911-e1701450243917.jpeg","contentUrl":"https:\/\/www.sinoskop.de\/blog\/wp-content\/uploads\/2023\/12\/IMG_0911-e1701450243917.jpeg","width":250,"height":212,"caption":"Der deutschsprachige Blog zu China"},{"@type":"BreadcrumbList","@id":"https:\/\/www.sinoskop.de\/blog\/china-die-woche-im-sinoskop\/#breadcrumb","itemListElement":[{"@type":"ListItem","position":1,"name":"Startseite","item":"https:\/\/www.sinoskop.de\/blog\/"},{"@type":"ListItem","position":2,"name":"Die Woche im Sinoskop"}]},{"@type":"WebSite","@id":"https:\/\/www.sinoskop.de\/blog\/#website","url":"https:\/\/www.sinoskop.de\/blog\/","name":"China Blog Sinoskop","description":"China im 21. Jahrhundert betrachten","publisher":{"@id":"https:\/\/www.sinoskop.de\/blog\/#\/schema\/person\/dbe836c6fc7202cdf3ecfb132a484a8a"},"alternateName":"Sinoskop","potentialAction":[{"@type":"SearchAction","target":{"@type":"EntryPoint","urlTemplate":"https:\/\/www.sinoskop.de\/blog\/?s={search_term_string}"},"query-input":{"@type":"PropertyValueSpecification","valueRequired":true,"valueName":"search_term_string"}}],"inLanguage":"de"},{"@type":["Person","Organization"],"@id":"https:\/\/www.sinoskop.de\/blog\/#\/schema\/person\/dbe836c6fc7202cdf3ecfb132a484a8a","name":"Matthias M.","image":{"@type":"ImageObject","inLanguage":"de","@id":"https:\/\/www.sinoskop.de\/blog\/wp-content\/uploads\/2023\/12\/cropped-cropped-IMG_0911-e1701450243917.jpeg","url":"https:\/\/www.sinoskop.de\/blog\/wp-content\/uploads\/2023\/12\/cropped-cropped-IMG_0911-e1701450243917.jpeg","contentUrl":"https:\/\/www.sinoskop.de\/blog\/wp-content\/uploads\/2023\/12\/cropped-cropped-IMG_0911-e1701450243917.jpeg","width":249,"height":83,"caption":"Matthias M."},"logo":{"@id":"https:\/\/www.sinoskop.de\/blog\/wp-content\/uploads\/2023\/12\/cropped-cropped-IMG_0911-e1701450243917.jpeg"},"sameAs":["https:\/\/x.com\/sinoskop"]}]}},"_links":{"self":[{"href":"https:\/\/www.sinoskop.de\/blog\/wp-json\/wp\/v2\/pages\/4951","targetHints":{"allow":["GET"]}}],"collection":[{"href":"https:\/\/www.sinoskop.de\/blog\/wp-json\/wp\/v2\/pages"}],"about":[{"href":"https:\/\/www.sinoskop.de\/blog\/wp-json\/wp\/v2\/types\/page"}],"author":[{"embeddable":true,"href":"https:\/\/www.sinoskop.de\/blog\/wp-json\/wp\/v2\/users\/1"}],"replies":[{"embeddable":true,"href":"https:\/\/www.sinoskop.de\/blog\/wp-json\/wp\/v2\/comments?post=4951"}],"version-history":[{"count":0,"href":"https:\/\/www.sinoskop.de\/blog\/wp-json\/wp\/v2\/pages\/4951\/revisions"}],"wp:featuredmedia":[{"embeddable":true,"href":"https:\/\/www.sinoskop.de\/blog\/wp-json\/wp\/v2\/media\/6080"}],"wp:attachment":[{"href":"https:\/\/www.sinoskop.de\/blog\/wp-json\/wp\/v2\/media?parent=4951"}],"curies":[{"name":"wp","href":"https:\/\/api.w.org\/{rel}","templated":true}]}}